{"id":267,"date":"2018-04-12T14:44:03","date_gmt":"2018-04-12T12:44:03","guid":{"rendered":"http:\/\/sandro-ferraccini.nl\/?page_id=267"},"modified":"2018-05-28T16:59:20","modified_gmt":"2018-05-28T14:59:20","slug":"home-2","status":"publish","type":"page","link":"https:\/\/sandro-ferraccini.nl\/it\/","title":{"rendered":"Home"},"content":{"rendered":"<p>Sandro Ferraccini ha maturato una lunga esperienza nei migliori saloni di Parigi, Roma, Milano e Amsterdam. Sandro \u00e8 uno stilista di alto livello, con una formazione internazionale e uno stile unico, che contraddistingue il suo lavoro nel salone della Kleine Houtstraat 13\/A, nel cuore di Haarlem.<\/p>\n<h2>Parrucchiere per uomo e per donna<\/h2>\n<p>Sandro Ferraccini realizza tagli sia per uomo che per donna. Secondo lo stilista, \u201c<em>un taglio \u00e8 pi\u00f9 di una bella cornice intorno al viso: \u00e8 lo specchio del nostro carattere, della nostra personalit\u00e0 e, talvolta, della nostra identit\u00e0 professionale<\/em>\u201d. Per un hairstylist le donne costituiscono una sfida maggiore degli uomini. Per questo motivo, la clientela maschile pu\u00f2 affidarsi senza timori a un parrucchiere esperto nei tagli per donna. Sandro individua il look che valorizza il cliente e offre un consiglio personalizzato sui possibili tagli e sullo stile da adottare. Lo scopo dell\u2019hairstylist \u00e8 quello di realizzare una soluzione di taglio brillante, che soddisfi e gratifichi il cliente.<\/p>\n<p style=\"text-align: center;\"><em><strong>\u201cL\u2019acconciatura \u00e8 lo specchio della personalit\u00e0\u201d<\/strong><\/em><\/p>\n","protected":false},"excerpt":{"rendered":"<p>Sandro Ferraccini ha maturato una lunga esperienza nei migliori saloni di Parigi, Roma, Milano e Amsterdam. Sandro \u00e8 uno stilista di alto livello, con una formazione internazionale e uno stile unico, che contraddistingue il suo lavoro nel salone della Kleine Houtstraat 13\/A, nel cuore di Haarlem. Parrucchiere per uomo e per donna Sandro Ferraccini realizza [&hellip;]<\/p>\n","protected":false},"author":1,"featured_media":230,"parent":0,"menu_order":0,"comment_status":"closed","ping_status":"closed","template":"page-home.php","meta":{"_acf_changed":false,"footnotes":""},"class_list":["post-267","page","type-page","status-publish","has-post-thumbnail","hentry"],"acf":[],"yoast_head":"<!-- This site is optimized with the Yoast SEO plugin v26.8 - https:\/\/yoast.com\/product\/yoast-seo-wordpress\/ -->\n<title>Home - Sandro Ferraccini Hairstylist<\/title>\n<meta name=\"robots\" content=\"index, follow, max-snippet:-1, max-image-preview:large, max-video-preview:-1\" \/>\n<link rel=\"canonical\" href=\"https:\/\/sandro-ferraccini.nl\/it\/\" \/>\n<meta property=\"og:locale\" content=\"it_IT\" \/>\n<meta property=\"og:type\" content=\"article\" \/>\n<meta property=\"og:title\" content=\"Home - Sandro Ferraccini Hairstylist\" \/>\n<meta property=\"og:description\" content=\"Sandro Ferraccini ha maturato una lunga esperienza nei migliori saloni di Parigi, Roma, Milano e Amsterdam. Sandro \u00e8 uno stilista di alto livello, con una formazione internazionale e uno stile unico, che contraddistingue il suo lavoro nel salone della Kleine Houtstraat 13\/A, nel cuore di Haarlem. Parrucchiere per uomo e per donna Sandro Ferraccini realizza [&hellip;]\" \/>\n<meta property=\"og:url\" content=\"https:\/\/sandro-ferraccini.nl\/it\/\" \/>\n<meta property=\"og:site_name\" content=\"Sandro Ferraccini Hairstylist\" \/>\n<meta property=\"article:modified_time\" content=\"2018-05-28T14:59:20+00:00\" \/>\n<meta property=\"og:image\" content=\"https:\/\/sandro-ferraccini.nl\/wp-content\/uploads\/header-home-kleur.jpg\" \/>\n\t<meta property=\"og:image:width\" content=\"2560\" \/>\n\t<meta property=\"og:image:height\" content=\"1261\" \/>\n\t<meta property=\"og:image:type\" content=\"image\/jpeg\" \/>\n<meta name=\"twitter:card\" content=\"summary_large_image\" \/>\n<meta name=\"twitter:label1\" content=\"Tempo di lettura stimato\" \/>\n\t<meta name=\"twitter:data1\" content=\"1 minuto\" \/>\n<script type=\"application\/ld+json\" class=\"yoast-schema-graph\">{\"@context\":\"https:\/\/schema.org\",\"@graph\":[{\"@type\":\"WebPage\",\"@id\":\"https:\/\/sandro-ferraccini.nl\/it\/\",\"url\":\"https:\/\/sandro-ferraccini.nl\/it\/\",\"name\":\"Home - Sandro Ferraccini Hairstylist\",\"isPartOf\":{\"@id\":\"https:\/\/sandro-ferraccini.nl\/#website\"},\"primaryImageOfPage\":{\"@id\":\"https:\/\/sandro-ferraccini.nl\/it\/#primaryimage\"},\"image\":{\"@id\":\"https:\/\/sandro-ferraccini.nl\/it\/#primaryimage\"},\"thumbnailUrl\":\"https:\/\/sandro-ferraccini.nl\/wp-content\/uploads\/header-home-kleur.jpg\",\"datePublished\":\"2018-04-12T12:44:03+00:00\",\"dateModified\":\"2018-05-28T14:59:20+00:00\",\"breadcrumb\":{\"@id\":\"https:\/\/sandro-ferraccini.nl\/it\/#breadcrumb\"},\"inLanguage\":\"it-IT\",\"potentialAction\":[{\"@type\":\"ReadAction\",\"target\":[\"https:\/\/sandro-ferraccini.nl\/it\/\"]}]},{\"@type\":\"ImageObject\",\"inLanguage\":\"it-IT\",\"@id\":\"https:\/\/sandro-ferraccini.nl\/it\/#primaryimage\",\"url\":\"https:\/\/sandro-ferraccini.nl\/wp-content\/uploads\/header-home-kleur.jpg\",\"contentUrl\":\"https:\/\/sandro-ferraccini.nl\/wp-content\/uploads\/header-home-kleur.jpg\",\"width\":2560,\"height\":1261},{\"@type\":\"BreadcrumbList\",\"@id\":\"https:\/\/sandro-ferraccini.nl\/it\/#breadcrumb\",\"itemListElement\":[{\"@type\":\"ListItem\",\"position\":1,\"name\":\"Home\",\"item\":\"https:\/\/sandro-ferraccini.nl\/it\/\"},{\"@type\":\"ListItem\",\"position\":2,\"name\":\"Home\"}]},{\"@type\":\"WebSite\",\"@id\":\"https:\/\/sandro-ferraccini.nl\/#website\",\"url\":\"https:\/\/sandro-ferraccini.nl\/\",\"name\":\"Sandro Ferraccini Hairstylist\",\"description\":\"\",\"potentialAction\":[{\"@type\":\"SearchAction\",\"target\":{\"@type\":\"EntryPoint\",\"urlTemplate\":\"https:\/\/sandro-ferraccini.nl\/?s={search_term_string}\"},\"query-input\":{\"@type\":\"PropertyValueSpecification\",\"valueRequired\":true,\"valueName\":\"search_term_string\"}}],\"inLanguage\":\"it-IT\"}]}<\/script>\n<!-- \/ Yoast SEO plugin. -->","yoast_head_json":{"title":"Home - Sandro Ferraccini Hairstylist","robots":{"index":"index","follow":"follow","max-snippet":"max-snippet:-1","max-image-preview":"max-image-preview:large","max-video-preview":"max-video-preview:-1"},"canonical":"https:\/\/sandro-ferraccini.nl\/it\/","og_locale":"it_IT","og_type":"article","og_title":"Home - Sandro Ferraccini Hairstylist","og_description":"Sandro Ferraccini ha maturato una lunga esperienza nei migliori saloni di Parigi, Roma, Milano e Amsterdam. Sandro \u00e8 uno stilista di alto livello, con una formazione internazionale e uno stile unico, che contraddistingue il suo lavoro nel salone della Kleine Houtstraat 13\/A, nel cuore di Haarlem. Parrucchiere per uomo e per donna Sandro Ferraccini realizza [&hellip;]","og_url":"https:\/\/sandro-ferraccini.nl\/it\/","og_site_name":"Sandro Ferraccini Hairstylist","article_modified_time":"2018-05-28T14:59:20+00:00","og_image":[{"width":2560,"height":1261,"url":"https:\/\/sandro-ferraccini.nl\/wp-content\/uploads\/header-home-kleur.jpg","type":"image\/jpeg"}],"twitter_card":"summary_large_image","twitter_misc":{"Tempo di lettura stimato":"1 minuto"},"schema":{"@context":"https:\/\/schema.org","@graph":[{"@type":"WebPage","@id":"https:\/\/sandro-ferraccini.nl\/it\/","url":"https:\/\/sandro-ferraccini.nl\/it\/","name":"Home - Sandro Ferraccini Hairstylist","isPartOf":{"@id":"https:\/\/sandro-ferraccini.nl\/#website"},"primaryImageOfPage":{"@id":"https:\/\/sandro-ferraccini.nl\/it\/#primaryimage"},"image":{"@id":"https:\/\/sandro-ferraccini.nl\/it\/#primaryimage"},"thumbnailUrl":"https:\/\/sandro-ferraccini.nl\/wp-content\/uploads\/header-home-kleur.jpg","datePublished":"2018-04-12T12:44:03+00:00","dateModified":"2018-05-28T14:59:20+00:00","breadcrumb":{"@id":"https:\/\/sandro-ferraccini.nl\/it\/#breadcrumb"},"inLanguage":"it-IT","potentialAction":[{"@type":"ReadAction","target":["https:\/\/sandro-ferraccini.nl\/it\/"]}]},{"@type":"ImageObject","inLanguage":"it-IT","@id":"https:\/\/sandro-ferraccini.nl\/it\/#primaryimage","url":"https:\/\/sandro-ferraccini.nl\/wp-content\/uploads\/header-home-kleur.jpg","contentUrl":"https:\/\/sandro-ferraccini.nl\/wp-content\/uploads\/header-home-kleur.jpg","width":2560,"height":1261},{"@type":"BreadcrumbList","@id":"https:\/\/sandro-ferraccini.nl\/it\/#breadcrumb","itemListElement":[{"@type":"ListItem","position":1,"name":"Home","item":"https:\/\/sandro-ferraccini.nl\/it\/"},{"@type":"ListItem","position":2,"name":"Home"}]},{"@type":"WebSite","@id":"https:\/\/sandro-ferraccini.nl\/#website","url":"https:\/\/sandro-ferraccini.nl\/","name":"Sandro Ferraccini Hairstylist","description":"","potentialAction":[{"@type":"SearchAction","target":{"@type":"EntryPoint","urlTemplate":"https:\/\/sandro-ferraccini.nl\/?s={search_term_string}"},"query-input":{"@type":"PropertyValueSpecification","valueRequired":true,"valueName":"search_term_string"}}],"inLanguage":"it-IT"}]}},"_links":{"self":[{"href":"https:\/\/sandro-ferraccini.nl\/it\/wp-json\/wp\/v2\/pages\/267","targetHints":{"allow":["GET"]}}],"collection":[{"href":"https:\/\/sandro-ferraccini.nl\/it\/wp-json\/wp\/v2\/pages"}],"about":[{"href":"https:\/\/sandro-ferraccini.nl\/it\/wp-json\/wp\/v2\/types\/page"}],"author":[{"embeddable":true,"href":"https:\/\/sandro-ferraccini.nl\/it\/wp-json\/wp\/v2\/users\/1"}],"replies":[{"embeddable":true,"href":"https:\/\/sandro-ferraccini.nl\/it\/wp-json\/wp\/v2\/comments?post=267"}],"version-history":[{"count":33,"href":"https:\/\/sandro-ferraccini.nl\/it\/wp-json\/wp\/v2\/pages\/267\/revisions"}],"predecessor-version":[{"id":539,"href":"https:\/\/sandro-ferraccini.nl\/it\/wp-json\/wp\/v2\/pages\/267\/revisions\/539"}],"wp:featuredmedia":[{"embeddable":true,"href":"https:\/\/sandro-ferraccini.nl\/it\/wp-json\/wp\/v2\/media\/230"}],"wp:attachment":[{"href":"https:\/\/sandro-ferraccini.nl\/it\/wp-json\/wp\/v2\/media?parent=267"}],"curies":[{"name":"wp","href":"https:\/\/api.w.org\/{rel}","templated":true}]}}